{"id":8,"date":"2023-01-03T19:44:10","date_gmt":"2023-01-03T18:44:10","guid":{"rendered":"https:\/\/leche-con-cafe.de\/?page_id=8"},"modified":"2026-01-07T11:45:00","modified_gmt":"2026-01-07T10:45:00","slug":"startseite","status":"publish","type":"page","link":"https:\/\/leche-con-cafe.de\/","title":{"rendered":"Leche con Caf\u00e9"},"content":{"rendered":"\n<figure class=\"wp-block-embed is-type-video is-provider-youtube wp-block-embed-youtube wp-embed-aspect-16-9 wp-has-aspect-ratio\"><div class=\"wp-block-embed__wrapper\">\n<iframe loading=\"lazy\" title=\"Leche Con Cafe @ Live in Cafe Klatsch 2022\" width=\"525\" height=\"295\" src=\"https:\/\/www.youtube.com\/embed\/Mf4duUcdPus?feature=oembed\" frameborder=\"0\" allow=\"accelerometer; autoplay; clipboard-write; encrypted-media; gyroscope; picture-in-picture; web-share\" referrerpolicy=\"strict-origin-when-cross-origin\" allowfullscreen><\/iframe>\n<\/div><\/figure>\n\n\n\n<p>Peggy tourt seit vielen Jahren erfolgreich mit dem \u00bbFlamenKO-Rock\u00ab der \u00bbSoltoros\u00ab durch die Lande. Mit rauher Stimme und viel Herz interpretiert sie Songs (Ost-) deutscher und internationaler Popmusik aber auch viele Songs in spanischer Sprache. 1989 kam Peggy von Magedburg nach Hamburg um Musik zu machen und hat auch einige Jahre in S\u00fcdamerika gelebt. Dort wurde die s\u00fcdamerikanische Musik zu einer ihrer musikalischen Wurzeln. <\/p>\n\n\n\n<p>Juan Iriarte Lecaros lebt seit 1999 in Deutschland und macht sich als Percussionist (Schwerpunkt Bongos &amp; Cajon) seitem einen Namen in der Musikszene rund um Hamburg. Bei Leche con Cafe r\u00fcckt erstmals auch seine wundervolle Stimme in den Vordergrund und wei\u00df das Publikum mit lateinamerikanischen Balladen und Popsongs zu \u00fcberzeugen. Wunderbar harmonieren die beiden Gesangsstimmen in zahlreichen gemeinsamen Titeln.<\/p>\n\n\n\n<p>Mit Torge Niemann (Gitarre) und La Bomba (Perucssion)  wird das Duo zur Band. Es kommen Rock- und Jazzeinfl\u00fcsse hinzu, immer mit viel Herz und \u00bbreal existierendem Groove\u00ab. Eine mitrei\u00dfende Liveband, der man die Freude an der musikalischen Begegnung in jedem Moment anmerkt.<\/p>\n\n\n\n<figure class=\"wp-block-embed is-type-video is-provider-youtube wp-block-embed-youtube wp-embed-aspect-16-9 wp-has-aspect-ratio\"><div class=\"wp-block-embed__wrapper\">\n<iframe loading=\"lazy\" title=\"Leche Con Caf\u00e9 \u2013 Live in L\u00fcneburg\" width=\"525\" height=\"295\" src=\"https:\/\/www.youtube.com\/embed\/dfnrG2N1fTU?feature=oembed\" frameborder=\"0\" allow=\"accelerometer; autoplay; clipboard-write; encrypted-media; gyroscope; picture-in-picture; web-share\" referrerpolicy=\"strict-origin-when-cross-origin\" allowfullscreen><\/iframe>\n<\/div><\/figure>\n\n\n\n<p><\/p>\n","protected":false},"excerpt":{"rendered":"<p>Peggy tourt seit vielen Jahren erfolgreich mit dem \u00bbFlamenKO-Rock\u00ab der \u00bbSoltoros\u00ab durch die Lande. Mit rauher Stimme und viel Herz interpretiert sie Songs (Ost-) deutscher und internationaler Popmusik aber auch &hellip; <\/p>\n<p class=\"link-more\"><a href=\"https:\/\/leche-con-cafe.de\/\" class=\"more-link\"><span class=\"screen-reader-text\">\u201eLeche con Caf\u00e9\u201c <\/span>weiterlesen<\/a><\/p>\n","protected":false},"author":1,"featured_media":0,"parent":0,"menu_order":0,"comment_status":"closed","ping_status":"closed","template":"","meta":{"footnotes":""},"class_list":["post-8","page","type-page","status-publish","hentry"],"_links":{"self":[{"href":"https:\/\/leche-con-cafe.de\/index.php?rest_route=\/wp\/v2\/pages\/8","targetHints":{"allow":["GET"]}}],"collection":[{"href":"https:\/\/leche-con-cafe.de\/index.php?rest_route=\/wp\/v2\/pages"}],"about":[{"href":"https:\/\/leche-con-cafe.de\/index.php?rest_route=\/wp\/v2\/types\/page"}],"author":[{"embeddable":true,"href":"https:\/\/leche-con-cafe.de\/index.php?rest_route=\/wp\/v2\/users\/1"}],"replies":[{"embeddable":true,"href":"https:\/\/leche-con-cafe.de\/index.php?rest_route=%2Fwp%2Fv2%2Fcomments&post=8"}],"version-history":[{"count":45,"href":"https:\/\/leche-con-cafe.de\/index.php?rest_route=\/wp\/v2\/pages\/8\/revisions"}],"predecessor-version":[{"id":422,"href":"https:\/\/leche-con-cafe.de\/index.php?rest_route=\/wp\/v2\/pages\/8\/revisions\/422"}],"wp:attachment":[{"href":"https:\/\/leche-con-cafe.de\/index.php?rest_route=%2Fwp%2Fv2%2Fmedia&parent=8"}],"curies":[{"name":"wp","href":"https:\/\/api.w.org\/{rel}","templated":true}]}}